{"id":27,"date":"2017-08-12T17:14:56","date_gmt":"2017-08-12T15:14:56","guid":{"rendered":"http:\/\/mega45.fr\/?page_id=27"},"modified":"2017-10-03T15:22:43","modified_gmt":"2017-10-03T13:22:43","slug":"moyens","status":"publish","type":"page","link":"https:\/\/mega45.fr\/?page_id=27","title":{"rendered":"Moyens"},"content":{"rendered":"<p>Ouverte en 2017, MEGA dispose:<\/p>\n<p><img loading=\"lazy\" decoding=\"async\" class=\"size-medium wp-image-124 alignright\" src=\"http:\/\/mega45.fr\/wp-content\/uploads\/2017\/08\/IMG_20170918_115611-225x300.jpg\" alt=\"\" width=\"225\" height=\"300\" srcset=\"https:\/\/mega45.fr\/wp-content\/uploads\/2017\/08\/IMG_20170918_115611-225x300.jpg 225w, https:\/\/mega45.fr\/wp-content\/uploads\/2017\/08\/IMG_20170918_115611-768x1024.jpg 768w\" sizes=\"auto, (max-width: 225px) 100vw, 225px\" \/><\/p>\n<ul>\n<li>D\u2019un pont bascule avec local d\u2019accueil<\/li>\n<\/ul>\n<p>&nbsp;<\/p>\n<p>&nbsp;<\/p>\n<p>&nbsp;<\/p>\n<p>&nbsp;<\/p>\n<p>&nbsp;<\/p>\n<p>&nbsp;<\/p>\n<ul>\n<li>D&rsquo;un bassin de r\u00e9tention<img loading=\"lazy\" decoding=\"async\" class=\"size-medium wp-image-125 alignright\" src=\"http:\/\/mega45.fr\/wp-content\/uploads\/2017\/08\/IMG_20170918_115936-300x225.jpg\" alt=\"\" width=\"300\" height=\"225\" srcset=\"https:\/\/mega45.fr\/wp-content\/uploads\/2017\/08\/IMG_20170918_115936-300x225.jpg 300w, https:\/\/mega45.fr\/wp-content\/uploads\/2017\/08\/IMG_20170918_115936-768x576.jpg 768w, https:\/\/mega45.fr\/wp-content\/uploads\/2017\/08\/IMG_20170918_115936-1024x768.jpg 1024w, https:\/\/mega45.fr\/wp-content\/uploads\/2017\/08\/IMG_20170918_115936-350x263.jpg 350w\" sizes=\"auto, (max-width: 300px) 100vw, 300px\" \/><\/li>\n<\/ul>\n<p>&nbsp;<\/p>\n<p>&nbsp;<\/p>\n<p>&nbsp;<\/p>\n<p>&nbsp;<\/p>\n<p>&nbsp;<\/p>\n<ul>\n<li>D\u2019un broyeur<img loading=\"lazy\" decoding=\"async\" class=\"size-medium wp-image-141 alignright\" src=\"http:\/\/mega45.fr\/wp-content\/uploads\/2017\/08\/SM620-300x200.jpg\" alt=\"\" width=\"300\" height=\"200\" srcset=\"https:\/\/mega45.fr\/wp-content\/uploads\/2017\/08\/SM620-300x200.jpg 300w, https:\/\/mega45.fr\/wp-content\/uploads\/2017\/08\/SM620-768x512.jpg 768w, https:\/\/mega45.fr\/wp-content\/uploads\/2017\/08\/SM620.jpg 1000w\" sizes=\"auto, (max-width: 300px) 100vw, 300px\" \/><\/li>\n<\/ul>\n<p>&nbsp;<\/p>\n<p>&nbsp;<\/p>\n<p>&nbsp;<\/p>\n<p>&nbsp;<\/p>\n<p><img loading=\"lazy\" decoding=\"async\" class=\"size-medium wp-image-48 alignright\" src=\"http:\/\/mega45.fr\/wp-content\/uploads\/2017\/08\/IMG_20170504_102249_11-300x225.jpg\" alt=\"\" width=\"300\" height=\"225\" srcset=\"https:\/\/mega45.fr\/wp-content\/uploads\/2017\/08\/IMG_20170504_102249_11-300x225.jpg 300w, https:\/\/mega45.fr\/wp-content\/uploads\/2017\/08\/IMG_20170504_102249_11-768x576.jpg 768w, https:\/\/mega45.fr\/wp-content\/uploads\/2017\/08\/IMG_20170504_102249_11-1024x768.jpg 1024w, https:\/\/mega45.fr\/wp-content\/uploads\/2017\/08\/IMG_20170504_102249_11-350x263.jpg 350w\" sizes=\"auto, (max-width: 300px) 100vw, 300px\" \/><\/p>\n<ul>\n<li>D\u2019une\u00a0chargeuse<\/li>\n<\/ul>\n<p>&nbsp;<\/p>\n<p>&nbsp;<\/p>\n<p>&nbsp;<\/p>\n<p>&nbsp;<\/p>\n<p>&nbsp;<\/p>\n<p>Suivi et qualit\u00e9 du compost produit.<br \/>\nAnalyses et suivis r\u00e9alis\u00e9s par un laboratoire agr\u00e9\u00e9<br \/>\nNorme NF U 44-051<\/p>\n","protected":false},"excerpt":{"rendered":"<p>Ouverte en 2017, MEGA dispose: D\u2019un pont bascule avec local d\u2019accueil &nbsp; &nbsp; &nbsp; &nbsp; &nbsp; &nbsp; D&rsquo;un bassin de r\u00e9tention &nbsp; &nbsp; &nbsp; &nbsp; &nbsp; D\u2019un broyeur &nbsp; &nbsp; <a class=\"more-link\" href=\"https:\/\/mega45.fr\/?page_id=27\">Lire la suite \u2192<\/a><\/p>\n","protected":false},"author":1,"featured_media":0,"parent":0,"menu_order":0,"comment_status":"closed","ping_status":"closed","template":"","meta":{"footnotes":""},"class_list":["post-27","page","type-page","status-publish","hentry"],"yoast_head":"<!-- This site is optimized with the Yoast SEO plugin v27.5 - https:\/\/yoast.com\/product\/yoast-seo-wordpress\/ -->\n<title>Moyens - MEGA<\/title>\n<meta name=\"robots\" content=\"index, follow, max-snippet:-1, max-image-preview:large, max-video-preview:-1\" \/>\n<link rel=\"canonical\" href=\"https:\/\/mega45.fr\/?page_id=27\" \/>\n<meta property=\"og:locale\" content=\"fr_FR\" \/>\n<meta property=\"og:type\" content=\"article\" \/>\n<meta property=\"og:title\" content=\"Moyens - MEGA\" \/>\n<meta property=\"og:description\" content=\"Ouverte en 2017, MEGA dispose: D\u2019un pont bascule avec local d\u2019accueil &nbsp; &nbsp; &nbsp; &nbsp; &nbsp; &nbsp; D&rsquo;un bassin de r\u00e9tention &nbsp; &nbsp; &nbsp; &nbsp; &nbsp; D\u2019un broyeur &nbsp; &nbsp; Lire la suite \u2192\" \/>\n<meta property=\"og:url\" content=\"https:\/\/mega45.fr\/?page_id=27\" \/>\n<meta property=\"og:site_name\" content=\"MEGA\" \/>\n<meta property=\"article:modified_time\" content=\"2017-10-03T13:22:43+00:00\" \/>\n<meta property=\"og:image\" content=\"http:\/\/mega45.fr\/wp-content\/uploads\/2017\/08\/IMG_20170918_115611-225x300.jpg\" \/>\n<meta name=\"twitter:card\" content=\"summary_large_image\" \/>\n<script type=\"application\/ld+json\" class=\"yoast-schema-graph\">{\"@context\":\"https:\\\/\\\/schema.org\",\"@graph\":[{\"@type\":\"WebPage\",\"@id\":\"https:\\\/\\\/mega45.fr\\\/?page_id=27\",\"url\":\"https:\\\/\\\/mega45.fr\\\/?page_id=27\",\"name\":\"Moyens - MEGA\",\"isPartOf\":{\"@id\":\"https:\\\/\\\/mega45.fr\\\/#website\"},\"primaryImageOfPage\":{\"@id\":\"https:\\\/\\\/mega45.fr\\\/?page_id=27#primaryimage\"},\"image\":{\"@id\":\"https:\\\/\\\/mega45.fr\\\/?page_id=27#primaryimage\"},\"thumbnailUrl\":\"http:\\\/\\\/mega45.fr\\\/wp-content\\\/uploads\\\/2017\\\/08\\\/IMG_20170918_115611-225x300.jpg\",\"datePublished\":\"2017-08-12T15:14:56+00:00\",\"dateModified\":\"2017-10-03T13:22:43+00:00\",\"breadcrumb\":{\"@id\":\"https:\\\/\\\/mega45.fr\\\/?page_id=27#breadcrumb\"},\"inLanguage\":\"fr-FR\",\"potentialAction\":[{\"@type\":\"ReadAction\",\"target\":[\"https:\\\/\\\/mega45.fr\\\/?page_id=27\"]}]},{\"@type\":\"ImageObject\",\"inLanguage\":\"fr-FR\",\"@id\":\"https:\\\/\\\/mega45.fr\\\/?page_id=27#primaryimage\",\"url\":\"https:\\\/\\\/mega45.fr\\\/wp-content\\\/uploads\\\/2017\\\/08\\\/IMG_20170918_115611.jpg\",\"contentUrl\":\"https:\\\/\\\/mega45.fr\\\/wp-content\\\/uploads\\\/2017\\\/08\\\/IMG_20170918_115611.jpg\",\"width\":3120,\"height\":4160,\"caption\":\"bty\"},{\"@type\":\"BreadcrumbList\",\"@id\":\"https:\\\/\\\/mega45.fr\\\/?page_id=27#breadcrumb\",\"itemListElement\":[{\"@type\":\"ListItem\",\"position\":1,\"name\":\"Accueil\",\"item\":\"https:\\\/\\\/mega45.fr\\\/\"},{\"@type\":\"ListItem\",\"position\":2,\"name\":\"Moyens\"}]},{\"@type\":\"WebSite\",\"@id\":\"https:\\\/\\\/mega45.fr\\\/#website\",\"url\":\"https:\\\/\\\/mega45.fr\\\/\",\"name\":\"MEGA\",\"description\":\"Valorisation de d\u00e9chets verts\",\"publisher\":{\"@id\":\"https:\\\/\\\/mega45.fr\\\/#organization\"},\"potentialAction\":[{\"@type\":\"SearchAction\",\"target\":{\"@type\":\"EntryPoint\",\"urlTemplate\":\"https:\\\/\\\/mega45.fr\\\/?s={search_term_string}\"},\"query-input\":{\"@type\":\"PropertyValueSpecification\",\"valueRequired\":true,\"valueName\":\"search_term_string\"}}],\"inLanguage\":\"fr-FR\"},{\"@type\":\"Organization\",\"@id\":\"https:\\\/\\\/mega45.fr\\\/#organization\",\"name\":\"MEGA\",\"url\":\"https:\\\/\\\/mega45.fr\\\/\",\"logo\":{\"@type\":\"ImageObject\",\"inLanguage\":\"fr-FR\",\"@id\":\"https:\\\/\\\/mega45.fr\\\/#\\\/schema\\\/logo\\\/image\\\/\",\"url\":\"https:\\\/\\\/mega45.fr\\\/wp-content\\\/uploads\\\/2017\\\/08\\\/logo-MEGA-CARRE150x150.png\",\"contentUrl\":\"https:\\\/\\\/mega45.fr\\\/wp-content\\\/uploads\\\/2017\\\/08\\\/logo-MEGA-CARRE150x150.png\",\"width\":150,\"height\":150,\"caption\":\"MEGA\"},\"image\":{\"@id\":\"https:\\\/\\\/mega45.fr\\\/#\\\/schema\\\/logo\\\/image\\\/\"}}]}<\/script>\n<!-- \/ Yoast SEO plugin. -->","yoast_head_json":{"title":"Moyens - MEGA","robots":{"index":"index","follow":"follow","max-snippet":"max-snippet:-1","max-image-preview":"max-image-preview:large","max-video-preview":"max-video-preview:-1"},"canonical":"https:\/\/mega45.fr\/?page_id=27","og_locale":"fr_FR","og_type":"article","og_title":"Moyens - MEGA","og_description":"Ouverte en 2017, MEGA dispose: D\u2019un pont bascule avec local d\u2019accueil &nbsp; &nbsp; &nbsp; &nbsp; &nbsp; &nbsp; D&rsquo;un bassin de r\u00e9tention &nbsp; &nbsp; &nbsp; &nbsp; &nbsp; D\u2019un broyeur &nbsp; &nbsp; Lire la suite \u2192","og_url":"https:\/\/mega45.fr\/?page_id=27","og_site_name":"MEGA","article_modified_time":"2017-10-03T13:22:43+00:00","og_image":[{"url":"http:\/\/mega45.fr\/wp-content\/uploads\/2017\/08\/IMG_20170918_115611-225x300.jpg","type":"","width":"","height":""}],"twitter_card":"summary_large_image","schema":{"@context":"https:\/\/schema.org","@graph":[{"@type":"WebPage","@id":"https:\/\/mega45.fr\/?page_id=27","url":"https:\/\/mega45.fr\/?page_id=27","name":"Moyens - MEGA","isPartOf":{"@id":"https:\/\/mega45.fr\/#website"},"primaryImageOfPage":{"@id":"https:\/\/mega45.fr\/?page_id=27#primaryimage"},"image":{"@id":"https:\/\/mega45.fr\/?page_id=27#primaryimage"},"thumbnailUrl":"http:\/\/mega45.fr\/wp-content\/uploads\/2017\/08\/IMG_20170918_115611-225x300.jpg","datePublished":"2017-08-12T15:14:56+00:00","dateModified":"2017-10-03T13:22:43+00:00","breadcrumb":{"@id":"https:\/\/mega45.fr\/?page_id=27#breadcrumb"},"inLanguage":"fr-FR","potentialAction":[{"@type":"ReadAction","target":["https:\/\/mega45.fr\/?page_id=27"]}]},{"@type":"ImageObject","inLanguage":"fr-FR","@id":"https:\/\/mega45.fr\/?page_id=27#primaryimage","url":"https:\/\/mega45.fr\/wp-content\/uploads\/2017\/08\/IMG_20170918_115611.jpg","contentUrl":"https:\/\/mega45.fr\/wp-content\/uploads\/2017\/08\/IMG_20170918_115611.jpg","width":3120,"height":4160,"caption":"bty"},{"@type":"BreadcrumbList","@id":"https:\/\/mega45.fr\/?page_id=27#breadcrumb","itemListElement":[{"@type":"ListItem","position":1,"name":"Accueil","item":"https:\/\/mega45.fr\/"},{"@type":"ListItem","position":2,"name":"Moyens"}]},{"@type":"WebSite","@id":"https:\/\/mega45.fr\/#website","url":"https:\/\/mega45.fr\/","name":"MEGA","description":"Valorisation de d\u00e9chets verts","publisher":{"@id":"https:\/\/mega45.fr\/#organization"},"potentialAction":[{"@type":"SearchAction","target":{"@type":"EntryPoint","urlTemplate":"https:\/\/mega45.fr\/?s={search_term_string}"},"query-input":{"@type":"PropertyValueSpecification","valueRequired":true,"valueName":"search_term_string"}}],"inLanguage":"fr-FR"},{"@type":"Organization","@id":"https:\/\/mega45.fr\/#organization","name":"MEGA","url":"https:\/\/mega45.fr\/","logo":{"@type":"ImageObject","inLanguage":"fr-FR","@id":"https:\/\/mega45.fr\/#\/schema\/logo\/image\/","url":"https:\/\/mega45.fr\/wp-content\/uploads\/2017\/08\/logo-MEGA-CARRE150x150.png","contentUrl":"https:\/\/mega45.fr\/wp-content\/uploads\/2017\/08\/logo-MEGA-CARRE150x150.png","width":150,"height":150,"caption":"MEGA"},"image":{"@id":"https:\/\/mega45.fr\/#\/schema\/logo\/image\/"}}]}},"_links":{"self":[{"href":"https:\/\/mega45.fr\/index.php?rest_route=\/wp\/v2\/pages\/27","targetHints":{"allow":["GET"]}}],"collection":[{"href":"https:\/\/mega45.fr\/index.php?rest_route=\/wp\/v2\/pages"}],"about":[{"href":"https:\/\/mega45.fr\/index.php?rest_route=\/wp\/v2\/types\/page"}],"author":[{"embeddable":true,"href":"https:\/\/mega45.fr\/index.php?rest_route=\/wp\/v2\/users\/1"}],"replies":[{"embeddable":true,"href":"https:\/\/mega45.fr\/index.php?rest_route=%2Fwp%2Fv2%2Fcomments&post=27"}],"version-history":[{"count":7,"href":"https:\/\/mega45.fr\/index.php?rest_route=\/wp\/v2\/pages\/27\/revisions"}],"predecessor-version":[{"id":142,"href":"https:\/\/mega45.fr\/index.php?rest_route=\/wp\/v2\/pages\/27\/revisions\/142"}],"wp:attachment":[{"href":"https:\/\/mega45.fr\/index.php?rest_route=%2Fwp%2Fv2%2Fmedia&parent=27"}],"curies":[{"name":"wp","href":"https:\/\/api.w.org\/{rel}","templated":true}]}}