{"id":255,"date":"2019-05-16T13:46:54","date_gmt":"2019-05-16T11:46:54","guid":{"rendered":"https:\/\/mega45.fr\/?page_id=255"},"modified":"2019-05-16T14:32:13","modified_gmt":"2019-05-16T12:32:13","slug":"plan","status":"publish","type":"page","link":"https:\/\/mega45.fr\/?page_id=255","title":{"rendered":"Plan"},"content":{"rendered":"\n<h4 class=\"wp-block-heading\"><strong>Horaires d\u2019ouverture&nbsp;<\/strong><strong>: du lundi au vendredi <\/strong><\/h4>\n\n\n\n<p><strong>de 8h00 \u00e0 12h00 et de 13h30 \u00e0 17h00<\/strong><\/p>\n\n\n\n<p><strong>Z.A Pr\u00e8s La For\u00eat \u2013 B.P 10 <\/strong><\/p>\n\n\n\n<p><strong>45290 NOGENT SUR VERNISSON<\/strong><\/p>\n\n\n\n<p>Par t\u00e9l\u00e9phone: 02.46.66.00.10<\/p>\n\n\n\n<p>Mobile: 06.73.39.35.53<\/p>\n\n\n\n<p> <strong>Coordonn\u00e9es GPS :<\/strong> <strong>47.853021, 2.734964 <\/strong><\/p>\n\n\n\n<figure class=\"wp-block-image\"><img loading=\"lazy\" decoding=\"async\" width=\"980\" height=\"1024\" src=\"https:\/\/mega45.fr\/wp-content\/uploads\/2019\/05\/plan-980x1024.png\" alt=\"\" class=\"wp-image-256\" srcset=\"https:\/\/mega45.fr\/wp-content\/uploads\/2019\/05\/plan-980x1024.png 980w, https:\/\/mega45.fr\/wp-content\/uploads\/2019\/05\/plan-287x300.png 287w, https:\/\/mega45.fr\/wp-content\/uploads\/2019\/05\/plan-768x803.png 768w, https:\/\/mega45.fr\/wp-content\/uploads\/2019\/05\/plan.png 1597w\" sizes=\"auto, (max-width: 980px) 100vw, 980px\" \/><\/figure>\n","protected":false},"excerpt":{"rendered":"<p>Horaires d\u2019ouverture&nbsp;: du lundi au vendredi de 8h00 \u00e0 12h00 et de 13h30 \u00e0 17h00 Z.A Pr\u00e8s La For\u00eat \u2013 B.P 10 45290 NOGENT SUR VERNISSON Par t\u00e9l\u00e9phone: 02.46.66.00.10 Mobile: <a class=\"more-link\" href=\"https:\/\/mega45.fr\/?page_id=255\">Lire la suite \u2192<\/a><\/p>\n","protected":false},"author":1,"featured_media":0,"parent":0,"menu_order":0,"comment_status":"closed","ping_status":"closed","template":"","meta":{"footnotes":""},"class_list":["post-255","page","type-page","status-publish","hentry"],"yoast_head":"<!-- This site is optimized with the Yoast SEO plugin v27.5 - https:\/\/yoast.com\/product\/yoast-seo-wordpress\/ -->\n<title>Plan - MEGA<\/title>\n<meta name=\"robots\" content=\"index, follow, max-snippet:-1, max-image-preview:large, max-video-preview:-1\" \/>\n<link rel=\"canonical\" href=\"https:\/\/mega45.fr\/?page_id=255\" \/>\n<meta property=\"og:locale\" content=\"fr_FR\" \/>\n<meta property=\"og:type\" content=\"article\" \/>\n<meta property=\"og:title\" content=\"Plan - MEGA\" \/>\n<meta property=\"og:description\" content=\"Horaires d\u2019ouverture&nbsp;: du lundi au vendredi de 8h00 \u00e0 12h00 et de 13h30 \u00e0 17h00 Z.A Pr\u00e8s La For\u00eat \u2013 B.P 10 45290 NOGENT SUR VERNISSON Par t\u00e9l\u00e9phone: 02.46.66.00.10 Mobile: Lire la suite \u2192\" \/>\n<meta property=\"og:url\" content=\"https:\/\/mega45.fr\/?page_id=255\" \/>\n<meta property=\"og:site_name\" content=\"MEGA\" \/>\n<meta property=\"article:modified_time\" content=\"2019-05-16T12:32:13+00:00\" \/>\n<meta property=\"og:image\" content=\"https:\/\/mega45.fr\/wp-content\/uploads\/2019\/05\/plan-980x1024.png\" \/>\n<meta name=\"twitter:card\" content=\"summary_large_image\" \/>\n<script type=\"application\/ld+json\" class=\"yoast-schema-graph\">{\"@context\":\"https:\\\/\\\/schema.org\",\"@graph\":[{\"@type\":\"WebPage\",\"@id\":\"https:\\\/\\\/mega45.fr\\\/?page_id=255\",\"url\":\"https:\\\/\\\/mega45.fr\\\/?page_id=255\",\"name\":\"Plan - MEGA\",\"isPartOf\":{\"@id\":\"https:\\\/\\\/mega45.fr\\\/#website\"},\"primaryImageOfPage\":{\"@id\":\"https:\\\/\\\/mega45.fr\\\/?page_id=255#primaryimage\"},\"image\":{\"@id\":\"https:\\\/\\\/mega45.fr\\\/?page_id=255#primaryimage\"},\"thumbnailUrl\":\"https:\\\/\\\/mega45.fr\\\/wp-content\\\/uploads\\\/2019\\\/05\\\/plan-980x1024.png\",\"datePublished\":\"2019-05-16T11:46:54+00:00\",\"dateModified\":\"2019-05-16T12:32:13+00:00\",\"breadcrumb\":{\"@id\":\"https:\\\/\\\/mega45.fr\\\/?page_id=255#breadcrumb\"},\"inLanguage\":\"fr-FR\",\"potentialAction\":[{\"@type\":\"ReadAction\",\"target\":[\"https:\\\/\\\/mega45.fr\\\/?page_id=255\"]}]},{\"@type\":\"ImageObject\",\"inLanguage\":\"fr-FR\",\"@id\":\"https:\\\/\\\/mega45.fr\\\/?page_id=255#primaryimage\",\"url\":\"https:\\\/\\\/mega45.fr\\\/wp-content\\\/uploads\\\/2019\\\/05\\\/plan.png\",\"contentUrl\":\"https:\\\/\\\/mega45.fr\\\/wp-content\\\/uploads\\\/2019\\\/05\\\/plan.png\",\"width\":1597,\"height\":1669},{\"@type\":\"BreadcrumbList\",\"@id\":\"https:\\\/\\\/mega45.fr\\\/?page_id=255#breadcrumb\",\"itemListElement\":[{\"@type\":\"ListItem\",\"position\":1,\"name\":\"Accueil\",\"item\":\"https:\\\/\\\/mega45.fr\\\/\"},{\"@type\":\"ListItem\",\"position\":2,\"name\":\"Plan\"}]},{\"@type\":\"WebSite\",\"@id\":\"https:\\\/\\\/mega45.fr\\\/#website\",\"url\":\"https:\\\/\\\/mega45.fr\\\/\",\"name\":\"MEGA\",\"description\":\"Valorisation de d\u00e9chets verts\",\"publisher\":{\"@id\":\"https:\\\/\\\/mega45.fr\\\/#organization\"},\"potentialAction\":[{\"@type\":\"SearchAction\",\"target\":{\"@type\":\"EntryPoint\",\"urlTemplate\":\"https:\\\/\\\/mega45.fr\\\/?s={search_term_string}\"},\"query-input\":{\"@type\":\"PropertyValueSpecification\",\"valueRequired\":true,\"valueName\":\"search_term_string\"}}],\"inLanguage\":\"fr-FR\"},{\"@type\":\"Organization\",\"@id\":\"https:\\\/\\\/mega45.fr\\\/#organization\",\"name\":\"MEGA\",\"url\":\"https:\\\/\\\/mega45.fr\\\/\",\"logo\":{\"@type\":\"ImageObject\",\"inLanguage\":\"fr-FR\",\"@id\":\"https:\\\/\\\/mega45.fr\\\/#\\\/schema\\\/logo\\\/image\\\/\",\"url\":\"https:\\\/\\\/mega45.fr\\\/wp-content\\\/uploads\\\/2017\\\/08\\\/logo-MEGA-CARRE150x150.png\",\"contentUrl\":\"https:\\\/\\\/mega45.fr\\\/wp-content\\\/uploads\\\/2017\\\/08\\\/logo-MEGA-CARRE150x150.png\",\"width\":150,\"height\":150,\"caption\":\"MEGA\"},\"image\":{\"@id\":\"https:\\\/\\\/mega45.fr\\\/#\\\/schema\\\/logo\\\/image\\\/\"}}]}<\/script>\n<!-- \/ Yoast SEO plugin. -->","yoast_head_json":{"title":"Plan - MEGA","robots":{"index":"index","follow":"follow","max-snippet":"max-snippet:-1","max-image-preview":"max-image-preview:large","max-video-preview":"max-video-preview:-1"},"canonical":"https:\/\/mega45.fr\/?page_id=255","og_locale":"fr_FR","og_type":"article","og_title":"Plan - MEGA","og_description":"Horaires d\u2019ouverture&nbsp;: du lundi au vendredi de 8h00 \u00e0 12h00 et de 13h30 \u00e0 17h00 Z.A Pr\u00e8s La For\u00eat \u2013 B.P 10 45290 NOGENT SUR VERNISSON Par t\u00e9l\u00e9phone: 02.46.66.00.10 Mobile: Lire la suite \u2192","og_url":"https:\/\/mega45.fr\/?page_id=255","og_site_name":"MEGA","article_modified_time":"2019-05-16T12:32:13+00:00","og_image":[{"url":"https:\/\/mega45.fr\/wp-content\/uploads\/2019\/05\/plan-980x1024.png","type":"","width":"","height":""}],"twitter_card":"summary_large_image","schema":{"@context":"https:\/\/schema.org","@graph":[{"@type":"WebPage","@id":"https:\/\/mega45.fr\/?page_id=255","url":"https:\/\/mega45.fr\/?page_id=255","name":"Plan - MEGA","isPartOf":{"@id":"https:\/\/mega45.fr\/#website"},"primaryImageOfPage":{"@id":"https:\/\/mega45.fr\/?page_id=255#primaryimage"},"image":{"@id":"https:\/\/mega45.fr\/?page_id=255#primaryimage"},"thumbnailUrl":"https:\/\/mega45.fr\/wp-content\/uploads\/2019\/05\/plan-980x1024.png","datePublished":"2019-05-16T11:46:54+00:00","dateModified":"2019-05-16T12:32:13+00:00","breadcrumb":{"@id":"https:\/\/mega45.fr\/?page_id=255#breadcrumb"},"inLanguage":"fr-FR","potentialAction":[{"@type":"ReadAction","target":["https:\/\/mega45.fr\/?page_id=255"]}]},{"@type":"ImageObject","inLanguage":"fr-FR","@id":"https:\/\/mega45.fr\/?page_id=255#primaryimage","url":"https:\/\/mega45.fr\/wp-content\/uploads\/2019\/05\/plan.png","contentUrl":"https:\/\/mega45.fr\/wp-content\/uploads\/2019\/05\/plan.png","width":1597,"height":1669},{"@type":"BreadcrumbList","@id":"https:\/\/mega45.fr\/?page_id=255#breadcrumb","itemListElement":[{"@type":"ListItem","position":1,"name":"Accueil","item":"https:\/\/mega45.fr\/"},{"@type":"ListItem","position":2,"name":"Plan"}]},{"@type":"WebSite","@id":"https:\/\/mega45.fr\/#website","url":"https:\/\/mega45.fr\/","name":"MEGA","description":"Valorisation de d\u00e9chets verts","publisher":{"@id":"https:\/\/mega45.fr\/#organization"},"potentialAction":[{"@type":"SearchAction","target":{"@type":"EntryPoint","urlTemplate":"https:\/\/mega45.fr\/?s={search_term_string}"},"query-input":{"@type":"PropertyValueSpecification","valueRequired":true,"valueName":"search_term_string"}}],"inLanguage":"fr-FR"},{"@type":"Organization","@id":"https:\/\/mega45.fr\/#organization","name":"MEGA","url":"https:\/\/mega45.fr\/","logo":{"@type":"ImageObject","inLanguage":"fr-FR","@id":"https:\/\/mega45.fr\/#\/schema\/logo\/image\/","url":"https:\/\/mega45.fr\/wp-content\/uploads\/2017\/08\/logo-MEGA-CARRE150x150.png","contentUrl":"https:\/\/mega45.fr\/wp-content\/uploads\/2017\/08\/logo-MEGA-CARRE150x150.png","width":150,"height":150,"caption":"MEGA"},"image":{"@id":"https:\/\/mega45.fr\/#\/schema\/logo\/image\/"}}]}},"_links":{"self":[{"href":"https:\/\/mega45.fr\/index.php?rest_route=\/wp\/v2\/pages\/255","targetHints":{"allow":["GET"]}}],"collection":[{"href":"https:\/\/mega45.fr\/index.php?rest_route=\/wp\/v2\/pages"}],"about":[{"href":"https:\/\/mega45.fr\/index.php?rest_route=\/wp\/v2\/types\/page"}],"author":[{"embeddable":true,"href":"https:\/\/mega45.fr\/index.php?rest_route=\/wp\/v2\/users\/1"}],"replies":[{"embeddable":true,"href":"https:\/\/mega45.fr\/index.php?rest_route=%2Fwp%2Fv2%2Fcomments&post=255"}],"version-history":[{"count":3,"href":"https:\/\/mega45.fr\/index.php?rest_route=\/wp\/v2\/pages\/255\/revisions"}],"predecessor-version":[{"id":260,"href":"https:\/\/mega45.fr\/index.php?rest_route=\/wp\/v2\/pages\/255\/revisions\/260"}],"wp:attachment":[{"href":"https:\/\/mega45.fr\/index.php?rest_route=%2Fwp%2Fv2%2Fmedia&parent=255"}],"curies":[{"name":"wp","href":"https:\/\/api.w.org\/{rel}","templated":true}]}}