{"id":17,"date":"2017-08-12T17:06:29","date_gmt":"2017-08-12T15:06:29","guid":{"rendered":"http:\/\/mega45.fr\/?page_id=17"},"modified":"2025-07-14T11:30:36","modified_gmt":"2025-07-14T09:30:36","slug":"services","status":"publish","type":"page","link":"https:\/\/mega45.fr\/?page_id=17","title":{"rendered":"Services"},"content":{"rendered":"<h2>Prestations de MEGA45:<\/h2>\n<ul>\n<li>Recyclage d\u00e9chets verts<\/li>\n<li>Compostage<\/li>\n<li>Broyage de v\u00e9g\u00e9taux<\/li>\n<li>Criblage<\/li>\n<li>Vente de paillage peuplier, compost v\u00e9g\u00e9tal, plaquette acacia, terre v\u00e9g\u00e9tale, terre enrichie<\/li>\n<li>Vente d&rsquo;agr\u00e9gats: paillette ardoise, pouzzolane, brique, galet garonnais<\/li>\n<\/ul>\n<h2 style=\"text-align: left;\">Nature des produits admis :<\/h2>\n<p>\u2022 D\u00e9chets verts : D\u00e9chets de tonte, feuilles<\/p>\n<p><img loading=\"lazy\" decoding=\"async\" class=\"alignnone wp-image-174 size-large\" src=\"https:\/\/mega45.fr\/wp-content\/uploads\/2017\/08\/IMG_20171002_160846-1-e1752433371277-1024x871.jpg\" alt=\"\" width=\"600\" height=\"510\" srcset=\"https:\/\/mega45.fr\/wp-content\/uploads\/2017\/08\/IMG_20171002_160846-1-e1752433371277-1024x871.jpg 1024w, https:\/\/mega45.fr\/wp-content\/uploads\/2017\/08\/IMG_20171002_160846-1-e1752433371277-300x255.jpg 300w, https:\/\/mega45.fr\/wp-content\/uploads\/2017\/08\/IMG_20171002_160846-1-e1752433371277-768x654.jpg 768w, https:\/\/mega45.fr\/wp-content\/uploads\/2017\/08\/IMG_20171002_160846-1-e1752433371277-1536x1307.jpg 1536w, https:\/\/mega45.fr\/wp-content\/uploads\/2017\/08\/IMG_20171002_160846-1-e1752433371277-2048x1743.jpg 2048w\" sizes=\"auto, (max-width: 600px) 100vw, 600px\" \/><\/p>\n<p>&nbsp;<\/p>\n<p>\u2022 D\u00e9chets de taille et branchage<\/p>\n<p><img loading=\"lazy\" decoding=\"async\" class=\"alignnone wp-image-306 size-large\" src=\"https:\/\/mega45.fr\/wp-content\/uploads\/2025\/07\/IMG_3399-1024x683.jpg\" alt=\"\" width=\"600\" height=\"400\" srcset=\"https:\/\/mega45.fr\/wp-content\/uploads\/2025\/07\/IMG_3399-1024x683.jpg 1024w, https:\/\/mega45.fr\/wp-content\/uploads\/2025\/07\/IMG_3399-300x200.jpg 300w, https:\/\/mega45.fr\/wp-content\/uploads\/2025\/07\/IMG_3399-768x512.jpg 768w, https:\/\/mega45.fr\/wp-content\/uploads\/2025\/07\/IMG_3399-1536x1024.jpg 1536w, https:\/\/mega45.fr\/wp-content\/uploads\/2025\/07\/IMG_3399-2048x1365.jpg 2048w\" sizes=\"auto, (max-width: 600px) 100vw, 600px\" \/><\/p>\n<p>&nbsp;<\/p>\n<p>\u2022 Tronc, billons<\/p>\n<p><img loading=\"lazy\" decoding=\"async\" class=\"alignnone wp-image-116 size-large\" src=\"https:\/\/mega45.fr\/wp-content\/uploads\/2017\/08\/IMG_20170918_115810-1024x768.jpg\" alt=\"\" width=\"600\" height=\"450\" srcset=\"https:\/\/mega45.fr\/wp-content\/uploads\/2017\/08\/IMG_20170918_115810-1024x768.jpg 1024w, https:\/\/mega45.fr\/wp-content\/uploads\/2017\/08\/IMG_20170918_115810-300x225.jpg 300w, https:\/\/mega45.fr\/wp-content\/uploads\/2017\/08\/IMG_20170918_115810-768x576.jpg 768w, https:\/\/mega45.fr\/wp-content\/uploads\/2017\/08\/IMG_20170918_115810-350x263.jpg 350w\" sizes=\"auto, (max-width: 600px) 100vw, 600px\" \/><\/p>\n\n\n<figure class=\"wp-block-image size-large is-resized\"><img loading=\"lazy\" decoding=\"async\" width=\"1024\" height=\"683\" src=\"https:\/\/mega45.fr\/wp-content\/uploads\/2025\/07\/IMG_3410-1024x683.jpg\" alt=\"\" class=\"wp-image-309\" style=\"width:601px;height:auto\" srcset=\"https:\/\/mega45.fr\/wp-content\/uploads\/2025\/07\/IMG_3410-1024x683.jpg 1024w, https:\/\/mega45.fr\/wp-content\/uploads\/2025\/07\/IMG_3410-300x200.jpg 300w, https:\/\/mega45.fr\/wp-content\/uploads\/2025\/07\/IMG_3410-768x512.jpg 768w, https:\/\/mega45.fr\/wp-content\/uploads\/2025\/07\/IMG_3410-1536x1024.jpg 1536w, https:\/\/mega45.fr\/wp-content\/uploads\/2025\/07\/IMG_3410-2048x1365.jpg 2048w\" sizes=\"auto, (max-width: 1024px) 100vw, 1024px\" \/><\/figure>\n","protected":false},"excerpt":{"rendered":"<p>Prestations de MEGA45: Recyclage d\u00e9chets verts Compostage Broyage de v\u00e9g\u00e9taux Criblage Vente de paillage peuplier, compost v\u00e9g\u00e9tal, plaquette acacia, terre v\u00e9g\u00e9tale, terre enrichie Vente d&rsquo;agr\u00e9gats: paillette ardoise, pouzzolane, brique, galet <a class=\"more-link\" href=\"https:\/\/mega45.fr\/?page_id=17\">Lire la suite \u2192<\/a><\/p>\n","protected":false},"author":1,"featured_media":0,"parent":0,"menu_order":0,"comment_status":"closed","ping_status":"closed","template":"","meta":{"footnotes":""},"class_list":["post-17","page","type-page","status-publish","hentry"],"yoast_head":"<!-- This site is optimized with the Yoast SEO plugin v27.6 - https:\/\/yoast.com\/product\/yoast-seo-wordpress\/ -->\n<title>Services - MEGA<\/title>\n<meta name=\"robots\" content=\"index, follow, max-snippet:-1, max-image-preview:large, max-video-preview:-1\" \/>\n<link rel=\"canonical\" href=\"https:\/\/mega45.fr\/?page_id=17\" \/>\n<meta property=\"og:locale\" content=\"fr_FR\" \/>\n<meta property=\"og:type\" content=\"article\" \/>\n<meta property=\"og:title\" content=\"Services - MEGA\" \/>\n<meta property=\"og:description\" content=\"Prestations de MEGA45: Recyclage d\u00e9chets verts Compostage Broyage de v\u00e9g\u00e9taux Criblage Vente de paillage peuplier, compost v\u00e9g\u00e9tal, plaquette acacia, terre v\u00e9g\u00e9tale, terre enrichie Vente d&rsquo;agr\u00e9gats: paillette ardoise, pouzzolane, brique, galet Lire la suite \u2192\" \/>\n<meta property=\"og:url\" content=\"https:\/\/mega45.fr\/?page_id=17\" \/>\n<meta property=\"og:site_name\" content=\"MEGA\" \/>\n<meta property=\"article:modified_time\" content=\"2025-07-14T09:30:36+00:00\" \/>\n<meta property=\"og:image\" content=\"https:\/\/mega45.fr\/wp-content\/uploads\/2017\/08\/IMG_20171002_160846-1-e1752433371277.jpg\" \/>\n\t<meta property=\"og:image:width\" content=\"2135\" \/>\n\t<meta property=\"og:image:height\" content=\"1817\" \/>\n\t<meta property=\"og:image:type\" content=\"image\/jpeg\" \/>\n<meta name=\"twitter:card\" content=\"summary_large_image\" \/>\n<meta name=\"twitter:label1\" content=\"Dur\u00e9e de lecture estim\u00e9e\" \/>\n\t<meta name=\"twitter:data1\" content=\"2 minutes\" \/>\n<script type=\"application\/ld+json\" class=\"yoast-schema-graph\">{\"@context\":\"https:\\\/\\\/schema.org\",\"@graph\":[{\"@type\":\"WebPage\",\"@id\":\"https:\\\/\\\/mega45.fr\\\/?page_id=17\",\"url\":\"https:\\\/\\\/mega45.fr\\\/?page_id=17\",\"name\":\"Services - MEGA\",\"isPartOf\":{\"@id\":\"https:\\\/\\\/mega45.fr\\\/#website\"},\"primaryImageOfPage\":{\"@id\":\"https:\\\/\\\/mega45.fr\\\/?page_id=17#primaryimage\"},\"image\":{\"@id\":\"https:\\\/\\\/mega45.fr\\\/?page_id=17#primaryimage\"},\"thumbnailUrl\":\"https:\\\/\\\/mega45.fr\\\/wp-content\\\/uploads\\\/2017\\\/08\\\/IMG_20171002_160846-1-e1752433371277-1024x871.jpg\",\"datePublished\":\"2017-08-12T15:06:29+00:00\",\"dateModified\":\"2025-07-14T09:30:36+00:00\",\"breadcrumb\":{\"@id\":\"https:\\\/\\\/mega45.fr\\\/?page_id=17#breadcrumb\"},\"inLanguage\":\"fr-FR\",\"potentialAction\":[{\"@type\":\"ReadAction\",\"target\":[\"https:\\\/\\\/mega45.fr\\\/?page_id=17\"]}]},{\"@type\":\"ImageObject\",\"inLanguage\":\"fr-FR\",\"@id\":\"https:\\\/\\\/mega45.fr\\\/?page_id=17#primaryimage\",\"url\":\"https:\\\/\\\/mega45.fr\\\/wp-content\\\/uploads\\\/2017\\\/08\\\/IMG_20171002_160846-1-e1752433371277.jpg\",\"contentUrl\":\"https:\\\/\\\/mega45.fr\\\/wp-content\\\/uploads\\\/2017\\\/08\\\/IMG_20171002_160846-1-e1752433371277.jpg\",\"width\":2135,\"height\":1817,\"caption\":\"bty\"},{\"@type\":\"BreadcrumbList\",\"@id\":\"https:\\\/\\\/mega45.fr\\\/?page_id=17#breadcrumb\",\"itemListElement\":[{\"@type\":\"ListItem\",\"position\":1,\"name\":\"Accueil\",\"item\":\"https:\\\/\\\/mega45.fr\\\/\"},{\"@type\":\"ListItem\",\"position\":2,\"name\":\"Services\"}]},{\"@type\":\"WebSite\",\"@id\":\"https:\\\/\\\/mega45.fr\\\/#website\",\"url\":\"https:\\\/\\\/mega45.fr\\\/\",\"name\":\"MEGA\",\"description\":\"Valorisation de d\u00e9chets verts\",\"publisher\":{\"@id\":\"https:\\\/\\\/mega45.fr\\\/#organization\"},\"potentialAction\":[{\"@type\":\"SearchAction\",\"target\":{\"@type\":\"EntryPoint\",\"urlTemplate\":\"https:\\\/\\\/mega45.fr\\\/?s={search_term_string}\"},\"query-input\":{\"@type\":\"PropertyValueSpecification\",\"valueRequired\":true,\"valueName\":\"search_term_string\"}}],\"inLanguage\":\"fr-FR\"},{\"@type\":\"Organization\",\"@id\":\"https:\\\/\\\/mega45.fr\\\/#organization\",\"name\":\"MEGA\",\"url\":\"https:\\\/\\\/mega45.fr\\\/\",\"logo\":{\"@type\":\"ImageObject\",\"inLanguage\":\"fr-FR\",\"@id\":\"https:\\\/\\\/mega45.fr\\\/#\\\/schema\\\/logo\\\/image\\\/\",\"url\":\"https:\\\/\\\/mega45.fr\\\/wp-content\\\/uploads\\\/2017\\\/08\\\/logo-MEGA-CARRE150x150.png\",\"contentUrl\":\"https:\\\/\\\/mega45.fr\\\/wp-content\\\/uploads\\\/2017\\\/08\\\/logo-MEGA-CARRE150x150.png\",\"width\":150,\"height\":150,\"caption\":\"MEGA\"},\"image\":{\"@id\":\"https:\\\/\\\/mega45.fr\\\/#\\\/schema\\\/logo\\\/image\\\/\"}}]}<\/script>\n<!-- \/ Yoast SEO plugin. -->","yoast_head_json":{"title":"Services - MEGA","robots":{"index":"index","follow":"follow","max-snippet":"max-snippet:-1","max-image-preview":"max-image-preview:large","max-video-preview":"max-video-preview:-1"},"canonical":"https:\/\/mega45.fr\/?page_id=17","og_locale":"fr_FR","og_type":"article","og_title":"Services - MEGA","og_description":"Prestations de MEGA45: Recyclage d\u00e9chets verts Compostage Broyage de v\u00e9g\u00e9taux Criblage Vente de paillage peuplier, compost v\u00e9g\u00e9tal, plaquette acacia, terre v\u00e9g\u00e9tale, terre enrichie Vente d&rsquo;agr\u00e9gats: paillette ardoise, pouzzolane, brique, galet Lire la suite \u2192","og_url":"https:\/\/mega45.fr\/?page_id=17","og_site_name":"MEGA","article_modified_time":"2025-07-14T09:30:36+00:00","og_image":[{"width":2135,"height":1817,"url":"https:\/\/mega45.fr\/wp-content\/uploads\/2017\/08\/IMG_20171002_160846-1-e1752433371277.jpg","type":"image\/jpeg"}],"twitter_card":"summary_large_image","twitter_misc":{"Dur\u00e9e de lecture estim\u00e9e":"2 minutes"},"schema":{"@context":"https:\/\/schema.org","@graph":[{"@type":"WebPage","@id":"https:\/\/mega45.fr\/?page_id=17","url":"https:\/\/mega45.fr\/?page_id=17","name":"Services - MEGA","isPartOf":{"@id":"https:\/\/mega45.fr\/#website"},"primaryImageOfPage":{"@id":"https:\/\/mega45.fr\/?page_id=17#primaryimage"},"image":{"@id":"https:\/\/mega45.fr\/?page_id=17#primaryimage"},"thumbnailUrl":"https:\/\/mega45.fr\/wp-content\/uploads\/2017\/08\/IMG_20171002_160846-1-e1752433371277-1024x871.jpg","datePublished":"2017-08-12T15:06:29+00:00","dateModified":"2025-07-14T09:30:36+00:00","breadcrumb":{"@id":"https:\/\/mega45.fr\/?page_id=17#breadcrumb"},"inLanguage":"fr-FR","potentialAction":[{"@type":"ReadAction","target":["https:\/\/mega45.fr\/?page_id=17"]}]},{"@type":"ImageObject","inLanguage":"fr-FR","@id":"https:\/\/mega45.fr\/?page_id=17#primaryimage","url":"https:\/\/mega45.fr\/wp-content\/uploads\/2017\/08\/IMG_20171002_160846-1-e1752433371277.jpg","contentUrl":"https:\/\/mega45.fr\/wp-content\/uploads\/2017\/08\/IMG_20171002_160846-1-e1752433371277.jpg","width":2135,"height":1817,"caption":"bty"},{"@type":"BreadcrumbList","@id":"https:\/\/mega45.fr\/?page_id=17#breadcrumb","itemListElement":[{"@type":"ListItem","position":1,"name":"Accueil","item":"https:\/\/mega45.fr\/"},{"@type":"ListItem","position":2,"name":"Services"}]},{"@type":"WebSite","@id":"https:\/\/mega45.fr\/#website","url":"https:\/\/mega45.fr\/","name":"MEGA","description":"Valorisation de d\u00e9chets verts","publisher":{"@id":"https:\/\/mega45.fr\/#organization"},"potentialAction":[{"@type":"SearchAction","target":{"@type":"EntryPoint","urlTemplate":"https:\/\/mega45.fr\/?s={search_term_string}"},"query-input":{"@type":"PropertyValueSpecification","valueRequired":true,"valueName":"search_term_string"}}],"inLanguage":"fr-FR"},{"@type":"Organization","@id":"https:\/\/mega45.fr\/#organization","name":"MEGA","url":"https:\/\/mega45.fr\/","logo":{"@type":"ImageObject","inLanguage":"fr-FR","@id":"https:\/\/mega45.fr\/#\/schema\/logo\/image\/","url":"https:\/\/mega45.fr\/wp-content\/uploads\/2017\/08\/logo-MEGA-CARRE150x150.png","contentUrl":"https:\/\/mega45.fr\/wp-content\/uploads\/2017\/08\/logo-MEGA-CARRE150x150.png","width":150,"height":150,"caption":"MEGA"},"image":{"@id":"https:\/\/mega45.fr\/#\/schema\/logo\/image\/"}}]}},"_links":{"self":[{"href":"https:\/\/mega45.fr\/index.php?rest_route=\/wp\/v2\/pages\/17","targetHints":{"allow":["GET"]}}],"collection":[{"href":"https:\/\/mega45.fr\/index.php?rest_route=\/wp\/v2\/pages"}],"about":[{"href":"https:\/\/mega45.fr\/index.php?rest_route=\/wp\/v2\/types\/page"}],"author":[{"embeddable":true,"href":"https:\/\/mega45.fr\/index.php?rest_route=\/wp\/v2\/users\/1"}],"replies":[{"embeddable":true,"href":"https:\/\/mega45.fr\/index.php?rest_route=%2Fwp%2Fv2%2Fcomments&post=17"}],"version-history":[{"count":25,"href":"https:\/\/mega45.fr\/index.php?rest_route=\/wp\/v2\/pages\/17\/revisions"}],"predecessor-version":[{"id":326,"href":"https:\/\/mega45.fr\/index.php?rest_route=\/wp\/v2\/pages\/17\/revisions\/326"}],"wp:attachment":[{"href":"https:\/\/mega45.fr\/index.php?rest_route=%2Fwp%2Fv2%2Fmedia&parent=17"}],"curies":[{"name":"wp","href":"https:\/\/api.w.org\/{rel}","templated":true}]}}