{"id":15,"date":"2017-08-12T17:05:57","date_gmt":"2017-08-12T15:05:57","guid":{"rendered":"http:\/\/mega45.fr\/?page_id=15"},"modified":"2025-07-14T11:32:33","modified_gmt":"2025-07-14T09:32:33","slug":"accueil","status":"publish","type":"page","link":"https:\/\/mega45.fr\/","title":{"rendered":"Accueil"},"content":{"rendered":"\n<figure class=\"wp-block-video\"><video autoplay controls muted src=\"https:\/\/mega45.fr\/wp-content\/uploads\/2025\/07\/MEGA-10_06_2025-10_49.mp4\"><\/video><\/figure>\n\n\n<h2>PRESENTATION<\/h2>\n<p>Situ\u00e9e \u00e0 Nogent sur Vernisson, \u00e0 15 mn de Montargis et Gien, SAS MEGA est la plateforme de collecte, de recyclage et de valorisation des d\u00e9chets verts d\u00e9di\u00e9e aux professionnels ainsi qu&rsquo;aux communes du Loiret et en particulier du G\u00e2tinais.<br \/>\n\u00c9quip\u00e9e pour prendre en charge et valoriser un grand nombre de d\u00e9chets issus de l\u2019entretien des v\u00e9g\u00e9taux (taille, tonte, feuilles mortes, \u00e9lagage), la plateforme MEGA prend aussi en compte les d\u00e9chets sp\u00e9cifiques g\u00e9n\u00e9r\u00e9s par les activit\u00e9s horticoles et\u00a0agricoles.<br \/>\nMEGA recycle les d\u00e9chets v\u00e9g\u00e9taux pour produire du substrat et du compost de qualit\u00e9, analys\u00e9s r\u00e9guli\u00e8rement et suivis par un laboratoire sp\u00e9cialis\u00e9.<br \/>\nLa plateforme MEGA r\u00e9pond \u00e0 tous les crit\u00e8res en mati\u00e8re de s\u00e9curit\u00e9 et de protection de l\u2019environnement (traitement des eaux, bassin de r\u00e9tention 500 m3, r\u00e9serve incendie).<br \/>\nProduit \u00e0 partir de v\u00e9g\u00e9taux, les produits MEGA sont redistribu\u00e9s aux entreprises et aux collectivit\u00e9s.<\/p>\n<h2>MEGA en Chiffres<\/h2>\n<p>Plateforme de 6200m2<br \/>\nBassin de 500m3<br \/>\nCapacit\u00e9 : 10 000 tonnes\/an<br \/>\nB\u00e2timent de stockage : 1400m2<\/p>\n<p>MEGA45 recycle les d\u00e9chets des collectivit\u00e9s et des paysagistes.<\/p>","protected":false},"excerpt":{"rendered":"<p>PRESENTATION Situ\u00e9e \u00e0 Nogent sur Vernisson, \u00e0 15 mn de Montargis et Gien, SAS MEGA est la plateforme de collecte, de recyclage et de valorisation des d\u00e9chets verts d\u00e9di\u00e9e aux <a class=\"more-link\" href=\"https:\/\/mega45.fr\/\">Lire la suite \u2192<\/a><\/p>\n","protected":false},"author":1,"featured_media":0,"parent":0,"menu_order":0,"comment_status":"closed","ping_status":"closed","template":"","meta":{"footnotes":""},"class_list":["post-15","page","type-page","status-publish","hentry"],"yoast_head":"<!-- This site is optimized with the Yoast SEO plugin v27.5 - https:\/\/yoast.com\/product\/yoast-seo-wordpress\/ -->\n<title>Accueil - MEGA<\/title>\n<meta name=\"robots\" content=\"index, follow, max-snippet:-1, max-image-preview:large, max-video-preview:-1\" \/>\n<link rel=\"canonical\" href=\"https:\/\/mega45.fr\/\" \/>\n<meta property=\"og:locale\" content=\"fr_FR\" \/>\n<meta property=\"og:type\" content=\"article\" \/>\n<meta property=\"og:title\" content=\"Accueil - MEGA\" \/>\n<meta property=\"og:description\" content=\"PRESENTATION Situ\u00e9e \u00e0 Nogent sur Vernisson, \u00e0 15 mn de Montargis et Gien, SAS MEGA est la plateforme de collecte, de recyclage et de valorisation des d\u00e9chets verts d\u00e9di\u00e9e aux Lire la suite \u2192\" \/>\n<meta property=\"og:url\" content=\"https:\/\/mega45.fr\/\" \/>\n<meta property=\"og:site_name\" content=\"MEGA\" \/>\n<meta property=\"article:modified_time\" content=\"2025-07-14T09:32:33+00:00\" \/>\n<meta name=\"twitter:card\" content=\"summary_large_image\" \/>\n<meta name=\"twitter:label1\" content=\"Dur\u00e9e de lecture estim\u00e9e\" \/>\n\t<meta name=\"twitter:data1\" content=\"1 minute\" \/>\n<script type=\"application\/ld+json\" class=\"yoast-schema-graph\">{\"@context\":\"https:\\\/\\\/schema.org\",\"@graph\":[{\"@type\":\"WebPage\",\"@id\":\"https:\\\/\\\/mega45.fr\\\/\",\"url\":\"https:\\\/\\\/mega45.fr\\\/\",\"name\":\"Accueil - MEGA\",\"isPartOf\":{\"@id\":\"https:\\\/\\\/mega45.fr\\\/#website\"},\"datePublished\":\"2017-08-12T15:05:57+00:00\",\"dateModified\":\"2025-07-14T09:32:33+00:00\",\"breadcrumb\":{\"@id\":\"https:\\\/\\\/mega45.fr\\\/#breadcrumb\"},\"inLanguage\":\"fr-FR\",\"potentialAction\":[{\"@type\":\"ReadAction\",\"target\":[\"https:\\\/\\\/mega45.fr\\\/\"]}]},{\"@type\":\"BreadcrumbList\",\"@id\":\"https:\\\/\\\/mega45.fr\\\/#breadcrumb\",\"itemListElement\":[{\"@type\":\"ListItem\",\"position\":1,\"name\":\"Accueil\",\"item\":\"https:\\\/\\\/mega45.fr\\\/\"},{\"@type\":\"ListItem\",\"position\":2,\"name\":\"Accueil\"}]},{\"@type\":\"WebSite\",\"@id\":\"https:\\\/\\\/mega45.fr\\\/#website\",\"url\":\"https:\\\/\\\/mega45.fr\\\/\",\"name\":\"MEGA\",\"description\":\"Valorisation de d\u00e9chets verts\",\"publisher\":{\"@id\":\"https:\\\/\\\/mega45.fr\\\/#organization\"},\"potentialAction\":[{\"@type\":\"SearchAction\",\"target\":{\"@type\":\"EntryPoint\",\"urlTemplate\":\"https:\\\/\\\/mega45.fr\\\/?s={search_term_string}\"},\"query-input\":{\"@type\":\"PropertyValueSpecification\",\"valueRequired\":true,\"valueName\":\"search_term_string\"}}],\"inLanguage\":\"fr-FR\"},{\"@type\":\"Organization\",\"@id\":\"https:\\\/\\\/mega45.fr\\\/#organization\",\"name\":\"MEGA\",\"url\":\"https:\\\/\\\/mega45.fr\\\/\",\"logo\":{\"@type\":\"ImageObject\",\"inLanguage\":\"fr-FR\",\"@id\":\"https:\\\/\\\/mega45.fr\\\/#\\\/schema\\\/logo\\\/image\\\/\",\"url\":\"https:\\\/\\\/mega45.fr\\\/wp-content\\\/uploads\\\/2017\\\/08\\\/logo-MEGA-CARRE150x150.png\",\"contentUrl\":\"https:\\\/\\\/mega45.fr\\\/wp-content\\\/uploads\\\/2017\\\/08\\\/logo-MEGA-CARRE150x150.png\",\"width\":150,\"height\":150,\"caption\":\"MEGA\"},\"image\":{\"@id\":\"https:\\\/\\\/mega45.fr\\\/#\\\/schema\\\/logo\\\/image\\\/\"}}]}<\/script>\n<!-- \/ Yoast SEO plugin. -->","yoast_head_json":{"title":"Accueil - MEGA","robots":{"index":"index","follow":"follow","max-snippet":"max-snippet:-1","max-image-preview":"max-image-preview:large","max-video-preview":"max-video-preview:-1"},"canonical":"https:\/\/mega45.fr\/","og_locale":"fr_FR","og_type":"article","og_title":"Accueil - MEGA","og_description":"PRESENTATION Situ\u00e9e \u00e0 Nogent sur Vernisson, \u00e0 15 mn de Montargis et Gien, SAS MEGA est la plateforme de collecte, de recyclage et de valorisation des d\u00e9chets verts d\u00e9di\u00e9e aux Lire la suite \u2192","og_url":"https:\/\/mega45.fr\/","og_site_name":"MEGA","article_modified_time":"2025-07-14T09:32:33+00:00","twitter_card":"summary_large_image","twitter_misc":{"Dur\u00e9e de lecture estim\u00e9e":"1 minute"},"schema":{"@context":"https:\/\/schema.org","@graph":[{"@type":"WebPage","@id":"https:\/\/mega45.fr\/","url":"https:\/\/mega45.fr\/","name":"Accueil - MEGA","isPartOf":{"@id":"https:\/\/mega45.fr\/#website"},"datePublished":"2017-08-12T15:05:57+00:00","dateModified":"2025-07-14T09:32:33+00:00","breadcrumb":{"@id":"https:\/\/mega45.fr\/#breadcrumb"},"inLanguage":"fr-FR","potentialAction":[{"@type":"ReadAction","target":["https:\/\/mega45.fr\/"]}]},{"@type":"BreadcrumbList","@id":"https:\/\/mega45.fr\/#breadcrumb","itemListElement":[{"@type":"ListItem","position":1,"name":"Accueil","item":"https:\/\/mega45.fr\/"},{"@type":"ListItem","position":2,"name":"Accueil"}]},{"@type":"WebSite","@id":"https:\/\/mega45.fr\/#website","url":"https:\/\/mega45.fr\/","name":"MEGA","description":"Valorisation de d\u00e9chets verts","publisher":{"@id":"https:\/\/mega45.fr\/#organization"},"potentialAction":[{"@type":"SearchAction","target":{"@type":"EntryPoint","urlTemplate":"https:\/\/mega45.fr\/?s={search_term_string}"},"query-input":{"@type":"PropertyValueSpecification","valueRequired":true,"valueName":"search_term_string"}}],"inLanguage":"fr-FR"},{"@type":"Organization","@id":"https:\/\/mega45.fr\/#organization","name":"MEGA","url":"https:\/\/mega45.fr\/","logo":{"@type":"ImageObject","inLanguage":"fr-FR","@id":"https:\/\/mega45.fr\/#\/schema\/logo\/image\/","url":"https:\/\/mega45.fr\/wp-content\/uploads\/2017\/08\/logo-MEGA-CARRE150x150.png","contentUrl":"https:\/\/mega45.fr\/wp-content\/uploads\/2017\/08\/logo-MEGA-CARRE150x150.png","width":150,"height":150,"caption":"MEGA"},"image":{"@id":"https:\/\/mega45.fr\/#\/schema\/logo\/image\/"}}]}},"_links":{"self":[{"href":"https:\/\/mega45.fr\/index.php?rest_route=\/wp\/v2\/pages\/15","targetHints":{"allow":["GET"]}}],"collection":[{"href":"https:\/\/mega45.fr\/index.php?rest_route=\/wp\/v2\/pages"}],"about":[{"href":"https:\/\/mega45.fr\/index.php?rest_route=\/wp\/v2\/types\/page"}],"author":[{"embeddable":true,"href":"https:\/\/mega45.fr\/index.php?rest_route=\/wp\/v2\/users\/1"}],"replies":[{"embeddable":true,"href":"https:\/\/mega45.fr\/index.php?rest_route=%2Fwp%2Fv2%2Fcomments&post=15"}],"version-history":[{"count":14,"href":"https:\/\/mega45.fr\/index.php?rest_route=\/wp\/v2\/pages\/15\/revisions"}],"predecessor-version":[{"id":327,"href":"https:\/\/mega45.fr\/index.php?rest_route=\/wp\/v2\/pages\/15\/revisions\/327"}],"wp:attachment":[{"href":"https:\/\/mega45.fr\/index.php?rest_route=%2Fwp%2Fv2%2Fmedia&parent=15"}],"curies":[{"name":"wp","href":"https:\/\/api.w.org\/{rel}","templated":true}]}}